{"id":564,"date":"2024-01-08T22:22:32","date_gmt":"2024-01-08T22:22:32","guid":{"rendered":"https:\/\/saksoftsv.com\/?page_id=564"},"modified":"2025-07-28T16:45:49","modified_gmt":"2025-07-28T16:45:49","slug":"electrofac","status":"publish","type":"page","link":"https:\/\/saksoftsv.com\/?page_id=564","title":{"rendered":"ElectroFac"},"content":{"rendered":"<style>\/*! elementor - v3.19.0 - 17-01-2024 *\/\n.elementor-column .elementor-spacer-inner{height:var(--spacer-size)}.e-con{--container-widget-width:100%}.e-con-inner>.elementor-widget-spacer,.e-con>.elementor-widget-spacer{width:var(--container-widget-width,var(--spacer-size));--align-self:var(--container-widget-align-self,initial);--flex-shrink:0}.e-con-inner>.elementor-widget-spacer>.elementor-widget-container,.e-con>.elementor-widget-spacer>.elementor-widget-container{height:100%;width:100%}.e-con-inner>.elementor-widget-spacer>.elementor-widget-container>.elementor-spacer,.e-con>.elementor-widget-spacer>.elementor-widget-container>.elementor-spacer{height:100%}.e-con-inner>.elementor-widget-spacer>.elementor-widget-container>.elementor-spacer>.elementor-spacer-inner,.e-con>.elementor-widget-spacer>.elementor-widget-container>.elementor-spacer>.elementor-spacer-inner{height:var(--container-widget-height,var(--spacer-size))}.e-con-inner>.elementor-widget-spacer.elementor-widget-empty,.e-con>.elementor-widget-spacer.elementor-widget-empty{position:relative;min-height:22px;min-width:22px}.e-con-inner>.elementor-widget-spacer.elementor-widget-empty .elementor-widget-empty-icon,.e-con>.elementor-widget-spacer.elementor-widget-empty .elementor-widget-empty-icon{position:absolute;top:0;bottom:0;left:0;right:0;margin:auto;padding:0;width:22px;height:22px}<\/style>\n<h3 style=\"text-align: center;\"><strong>Con ElectroFac puedes automatizar los procesos de emitir una factura y mejorar la eficiencia de tu negocio.<\/strong><\/h3>\n<style>\/*! elementor - v3.19.0 - 17-01-2024 *\/\n.elementor-widget-image-box .elementor-image-box-content{width:100%}@media (min-width:768px){.elementor-widget-image-box.elementor-position-left .elementor-image-box-wrapper,.elementor-widget-image-box.elementor-position-right .elementor-image-box-wrapper{display:flex}.elementor-widget-image-box.elementor-position-right .elementor-image-box-wrapper{text-align:right;flex-direction:row-reverse}.elementor-widget-image-box.elementor-position-left .elementor-image-box-wrapper{text-align:left;flex-direction:row}.elementor-widget-image-box.elementor-position-top .elementor-image-box-img{margin:auto}.elementor-widget-image-box.elementor-vertical-align-top .elementor-image-box-wrapper{align-items:flex-start}.elementor-widget-image-box.elementor-vertical-align-middle .elementor-image-box-wrapper{align-items:center}.elementor-widget-image-box.elementor-vertical-align-bottom .elementor-image-box-wrapper{align-items:flex-end}}@media (max-width:767px){.elementor-widget-image-box .elementor-image-box-img{margin-left:auto!important;margin-right:auto!important;margin-bottom:15px}}.elementor-widget-image-box .elementor-image-box-img{display:inline-block}.elementor-widget-image-box .elementor-image-box-title a{color:inherit}.elementor-widget-image-box .elementor-image-box-wrapper{text-align:center}.elementor-widget-image-box .elementor-image-box-description{margin:0}<\/style>\n<figure><img fetchpriority=\"high\" decoding=\"async\" width=\"512\" height=\"512\" src=\"https:\/\/saksoftsv.com\/wp-content\/uploads\/2024\/01\/reloj-de-arena1.png\" alt=\"\" \/><\/figure>\n<h1>A\u00fan m\u00e1s eficiente<\/h1>\n<p>Control de cat\u00e1logos, clientes, productos, facturaci\u00f3n, entre otros.<\/p>\n<figure><img decoding=\"async\" width=\"512\" height=\"512\" src=\"https:\/\/saksoftsv.com\/wp-content\/uploads\/2024\/01\/proteccion-de-datos.png\" alt=\"\" \/><\/figure>\n<h3>A\u00fan m\u00e1s seguro<\/h3>\n<p>Nuestro sistema cumple con alto estandares de seguridad para proteger su informaci\u00f3n confidencial.<\/p>\n<figure><img decoding=\"async\" width=\"512\" height=\"512\" src=\"https:\/\/saksoftsv.com\/wp-content\/uploads\/2024\/01\/lista.png\" alt=\"\" \/><\/figure>\n<h3>A\u00fan m\u00e1s f\u00e1cil de usar<\/h3>\n<p>Todos los procesos para emitir un DTE est\u00e1n automatizados<\/p>\n<style>\/*! elementor - v3.19.0 - 17-01-2024 *\/\n.elementor-heading-title{padding:0;margin:0;line-height:1}.elementor-widget-heading .elementor-heading-title[class*=elementor-size-]>a{color:inherit;font-size:inherit;line-height:inherit}.elementor-widget-heading .elementor-heading-title.elementor-size-small{font-size:15px}.elementor-widget-heading .elementor-heading-title.elementor-size-medium{font-size:19px}.elementor-widget-heading .elementor-heading-title.elementor-size-large{font-size:29px}.elementor-widget-heading .elementor-heading-title.elementor-size-xl{font-size:39px}.elementor-widget-heading .elementor-heading-title.elementor-size-xxl{font-size:59px}<\/style>\n<h5>Conoce una previa de la plataforma<\/h5>\n<p><strong>Emite todo tipo de documento electronico, busqueda de DTE emitidos, catalogo de clientes, catalogo de productos etc.<\/strong><\/p>\n<style id=\"eael-fg-inline-css-21f2521\">@media only screen and (max-width: 2399px) {\n\t\t\t\t\t.elementor-element.elementor-element-21f2521 .eael-filterable-gallery-item-wrap {\n\t\t\t\t\t        width: 50%;\n\t\t\t\t\t    }\n\t\t\t\t\t}@media only screen and (max-width: 1024px) {\n\t\t\t\t\t.elementor-element.elementor-element-21f2521  .eael-filterable-gallery-item-wrap {\n\t\t\t\t\t        width: 50%;\n\t\t\t\t\t    }\n\t\t\t\t\t}@media only screen and (max-width: 767px) {\n\t\t\t\t\t.elementor-element.elementor-element-21f2521  .eael-filterable-gallery-item-wrap {\n\t\t\t\t\t        width: 100%;\n\t\t\t\t\t    }\n\t\t\t\t\t}<\/style>\n<p>\t\t\t\t<a href=\"https:\/\/saksoftsv.com\/wp-content\/uploads\/2024\/01\/1-5.png\" data-elementor-open-lightbox=\"no\" title=\"\"><img decoding=\"async\" src=\"https:\/\/saksoftsv.com\/wp-content\/uploads\/2024\/01\/1-5.png\" data-lazy-src=\"https:\/\/saksoftsv.com\/wp-content\/uploads\/2024\/01\/1-5.png\" alt=\"\"><\/p>\n<h2 style=\"text-align: center;\">Emitir<\/h2>\n<p><\/a><\/a><br \/>\n\t\t\t\t<a href=\"https:\/\/saksoftsv.com\/wp-content\/uploads\/2024\/01\/electrofac2.png\" data-elementor-open-lightbox=\"no\" title=\"\"><img decoding=\"async\" src=\"https:\/\/saksoftsv.com\/wp-content\/uploads\/2024\/01\/electrofac2.png\" data-lazy-src=\"https:\/\/saksoftsv.com\/wp-content\/uploads\/2024\/01\/electrofac2.png\" alt=\"\"><\/p>\n<h2 style=\"text-align: center;\">B\u00fasqueda<\/h2>\n<p><\/a><\/a><br \/>\n\t\t\t\t<a href=\"https:\/\/saksoftsv.com\/wp-content\/uploads\/2024\/01\/3-4.png\" data-elementor-open-lightbox=\"no\" title=\"\"><img decoding=\"async\" src=\"https:\/\/saksoftsv.com\/wp-content\/uploads\/2024\/01\/3-4.png\" data-lazy-src=\"https:\/\/saksoftsv.com\/wp-content\/uploads\/2024\/01\/3-4.png\" alt=\"\"><\/p>\n<h2 style=\"text-align: center;\">Cat\u00e1logo clientes<\/h2>\n<p><\/a><\/a><br \/>\n\t\t\t\t<a href=\"https:\/\/saksoftsv.com\/wp-content\/uploads\/2024\/01\/4-5.png\" data-elementor-open-lightbox=\"no\" title=\"\"><img decoding=\"async\" src=\"https:\/\/saksoftsv.com\/wp-content\/uploads\/2024\/01\/4-5.png\" data-lazy-src=\"https:\/\/saksoftsv.com\/wp-content\/uploads\/2024\/01\/4-5.png\" alt=\"\"><\/p>\n<h2 style=\"text-align: center;\">Cat\u00e1logo productos<\/h2>\n<p><\/a><\/a>            <\/p>\n<h2>C\u00f3mo comenzar <\/h2>\n<p>                                                                                    <svg aria-hidden=\"true\" viewBox=\"0 0 448 512\" xmlns=\"http:\/\/www.w3.org\/2000\/svg\"><path d=\"M380.9 97.1C339 55.1 283.2 32 223.9 32c-122.4 0-222 99.6-222 222 0 39.1 10.2 77.3 29.6 111L0 480l117.7-30.9c32.4 17.7 68.9 27 106.1 27h.1c122.3 0 224.1-99.6 224.1-222 0-59.3-25.2-115-67.1-157zm-157 341.6c-33.2 0-65.7-8.9-94-25.7l-6.7-4-69.8 18.3L72 359.2l-4.4-7c-18.5-29.4-28.2-63.3-28.2-98.2 0-101.7 82.8-184.5 184.6-184.5 49.3 0 95.6 19.2 130.4 54.1 34.8 34.9 56.2 81.2 56.1 130.5 0 101.8-84.9 184.6-186.6 184.6zm101.2-138.2c-5.5-2.8-32.8-16.2-37.9-18-5.1-1.9-8.8-2.8-12.5 2.8-3.7 5.6-14.3 18-17.6 21.8-3.2 3.7-6.5 4.2-12 1.4-32.6-16.3-54-29.1-75.5-66-5.7-9.8 5.7-9.1 16.3-30.3 1.8-3.7.9-6.9-.5-9.7-1.4-2.8-12.5-30.1-17.1-41.2-4.5-10.8-9.1-9.3-12.5-9.5-3.2-.2-6.9-.2-10.6-.2-3.7 0-9.7 1.4-14.8 6.9-5.1 5.6-19.4 19-19.4 46.3 0 27.3 19.9 53.7 22.6 57.4 2.8 3.7 39.1 59.7 94.8 83.8 35.2 15.2 49 16.5 66.6 13.9 10.7-1.6 32.8-13.4 37.4-26.4 4.6-13 4.6-24.1 3.2-26.4-1.3-2.5-5-3.9-10.5-6.6z\"><\/path><\/svg>                                                                                    <\/p>\n<h2>Presentaci\u00f3n de nuestros sistemas<\/h2>\n<\/p>\n<p>Comunicarse con nosotros para solicitar una demo del m\u00f3dulo o sistema de su interes. 2527-5664 \/ <a href=\"https:\/\/wa.me\/50378853810\">+503 7885-3810<\/a><\/p>\n<p>                                                                                    <svg aria-hidden=\"true\" viewBox=\"0 0 576 512\" xmlns=\"http:\/\/www.w3.org\/2000\/svg\"><path d=\"M528.3 46.5H388.5c-48.1 0-89.9 33.3-100.4 80.3-10.6-47-52.3-80.3-100.4-80.3H48c-26.5 0-48 21.5-48 48v245.8c0 26.5 21.5 48 48 48h89.7c102.2 0 132.7 24.4 147.3 75 .7 2.8 5.2 2.8 6 0 14.7-50.6 45.2-75 147.3-75H528c26.5 0 48-21.5 48-48V94.6c0-26.4-21.3-47.9-47.7-48.1zM242 311.9c0 1.9-1.5 3.5-3.5 3.5H78.2c-1.9 0-3.5-1.5-3.5-3.5V289c0-1.9 1.5-3.5 3.5-3.5h160.4c1.9 0 3.5 1.5 3.5 3.5v22.9zm0-60.9c0 1.9-1.5 3.5-3.5 3.5H78.2c-1.9 0-3.5-1.5-3.5-3.5v-22.9c0-1.9 1.5-3.5 3.5-3.5h160.4c1.9 0 3.5 1.5 3.5 3.5V251zm0-60.9c0 1.9-1.5 3.5-3.5 3.5H78.2c-1.9 0-3.5-1.5-3.5-3.5v-22.9c0-1.9 1.5-3.5 3.5-3.5h160.4c1.9 0 3.5 1.5 3.5 3.5v22.9zm259.3 121.7c0 1.9-1.5 3.5-3.5 3.5H337.5c-1.9 0-3.5-1.5-3.5-3.5v-22.9c0-1.9 1.5-3.5 3.5-3.5h160.4c1.9 0 3.5 1.5 3.5 3.5v22.9zm0-60.9c0 1.9-1.5 3.5-3.5 3.5H337.5c-1.9 0-3.5-1.5-3.5-3.5V228c0-1.9 1.5-3.5 3.5-3.5h160.4c1.9 0 3.5 1.5 3.5 3.5v22.9zm0-60.9c0 1.9-1.5 3.5-3.5 3.5H337.5c-1.9 0-3.5-1.5-3.5-3.5v-22.8c0-1.9 1.5-3.5 3.5-3.5h160.4c1.9 0 3.5 1.5 3.5 3.5V190z\"><\/path><\/svg>                                                                                    <\/p>\n<h2>Consulta o soporte<\/h2>\n<\/p>\n<p>Puedes llamarnos a nuestras oficinas para cualquier consulta, o solicitar soporte a trav\u00e9s del:\u00a0<a style=\"color: #ffffff;\" href=\"https:\/\/saksoftsv.com\/wp-content\/uploads\/2024\/02\/FORMA_S11-2.doc\" download=\"\">FORMULARIO S11<\/a><\/p>\n<p>                                                                                    <svg aria-hidden=\"true\" viewBox=\"0 0 448 512\" xmlns=\"http:\/\/www.w3.org\/2000\/svg\"><path d=\"M440.3 345.2l-33.8-19.5 26-7c8.2-2.2 13.1-10.7 10.9-18.9l-4-14.9c-2.2-8.2-10.7-13.1-18.9-10.9l-70.8 19-63.9-37 63.8-36.9 70.8 19c8.2 2.2 16.7-2.7 18.9-10.9l4-14.9c2.2-8.2-2.7-16.7-10.9-18.9l-26-7 33.8-19.5c7.4-4.3 9.9-13.7 5.7-21.1L430.4 119c-4.3-7.4-13.7-9.9-21.1-5.7l-33.8 19.5 7-26c2.2-8.2-2.7-16.7-10.9-18.9l-14.9-4c-8.2-2.2-16.7 2.7-18.9 10.9l-19 70.8-62.8 36.2v-77.5l53.7-53.7c6.2-6.2 6.2-16.4 0-22.6l-11.3-11.3c-6.2-6.2-16.4-6.2-22.6 0L256 56.4V16c0-8.8-7.2-16-16-16h-32c-8.8 0-16 7.2-16 16v40.4l-19.7-19.7c-6.2-6.2-16.4-6.2-22.6 0L138.3 48c-6.3 6.2-6.3 16.4 0 22.6l53.7 53.7v77.5l-62.8-36.2-19-70.8c-2.2-8.2-10.7-13.1-18.9-10.9l-14.9 4c-8.2 2.2-13.1 10.7-10.9 18.9l7 26-33.8-19.5c-7.4-4.3-16.8-1.7-21.1 5.7L2.1 145.7c-4.3 7.4-1.7 16.8 5.7 21.1l33.8 19.5-26 7c-8.3 2.2-13.2 10.7-11 19l4 14.9c2.2 8.2 10.7 13.1 18.9 10.9l70.8-19 63.8 36.9-63.8 36.9-70.8-19c-8.2-2.2-16.7 2.7-18.9 10.9l-4 14.9c-2.2 8.2 2.7 16.7 10.9 18.9l26 7-33.8 19.6c-7.4 4.3-9.9 13.7-5.7 21.1l15.5 26.8c4.3 7.4 13.7 9.9 21.1 5.7l33.8-19.5-7 26c-2.2 8.2 2.7 16.7 10.9 18.9l14.9 4c8.2 2.2 16.7-2.7 18.9-10.9l19-70.8 62.8-36.2v77.5l-53.7 53.7c-6.3 6.2-6.3 16.4 0 22.6l11.3 11.3c6.2 6.2 16.4 6.2 22.6 0l19.7-19.7V496c0 8.8 7.2 16 16 16h32c8.8 0 16-7.2 16-16v-40.4l19.7 19.7c6.2 6.2 16.4 6.2 22.6 0l11.3-11.3c6.2-6.2 6.2-16.4 0-22.6L256 387.7v-77.5l62.8 36.2 19 70.8c2.2 8.2 10.7 13.1 18.9 10.9l14.9-4c8.2-2.2 13.1-10.7 10.9-18.9l-7-26 33.8 19.5c7.4 4.3 16.8 1.7 21.1-5.7l15.5-26.8c4.3-7.3 1.8-16.8-5.6-21z\"><\/path><\/svg>                                                                                    <\/p>\n<h2>T\u00edtulo del anverso.<\/h2>\n<p>This is front side content.<\/p>\n<p>                                            <svg aria-hidden=\"true\" viewBox=\"0 0 448 512\" xmlns=\"http:\/\/www.w3.org\/2000\/svg\"><path d=\"M440.3 345.2l-33.8-19.5 26-7c8.2-2.2 13.1-10.7 10.9-18.9l-4-14.9c-2.2-8.2-10.7-13.1-18.9-10.9l-70.8 19-63.9-37 63.8-36.9 70.8 19c8.2 2.2 16.7-2.7 18.9-10.9l4-14.9c2.2-8.2-2.7-16.7-10.9-18.9l-26-7 33.8-19.5c7.4-4.3 9.9-13.7 5.7-21.1L430.4 119c-4.3-7.4-13.7-9.9-21.1-5.7l-33.8 19.5 7-26c2.2-8.2-2.7-16.7-10.9-18.9l-14.9-4c-8.2-2.2-16.7 2.7-18.9 10.9l-19 70.8-62.8 36.2v-77.5l53.7-53.7c6.2-6.2 6.2-16.4 0-22.6l-11.3-11.3c-6.2-6.2-16.4-6.2-22.6 0L256 56.4V16c0-8.8-7.2-16-16-16h-32c-8.8 0-16 7.2-16 16v40.4l-19.7-19.7c-6.2-6.2-16.4-6.2-22.6 0L138.3 48c-6.3 6.2-6.3 16.4 0 22.6l53.7 53.7v77.5l-62.8-36.2-19-70.8c-2.2-8.2-10.7-13.1-18.9-10.9l-14.9 4c-8.2 2.2-13.1 10.7-10.9 18.9l7 26-33.8-19.5c-7.4-4.3-16.8-1.7-21.1 5.7L2.1 145.7c-4.3 7.4-1.7 16.8 5.7 21.1l33.8 19.5-26 7c-8.3 2.2-13.2 10.7-11 19l4 14.9c2.2 8.2 10.7 13.1 18.9 10.9l70.8-19 63.8 36.9-63.8 36.9-70.8-19c-8.2-2.2-16.7 2.7-18.9 10.9l-4 14.9c-2.2 8.2 2.7 16.7 10.9 18.9l26 7-33.8 19.6c-7.4 4.3-9.9 13.7-5.7 21.1l15.5 26.8c4.3 7.4 13.7 9.9 21.1 5.7l33.8-19.5-7 26c-2.2 8.2 2.7 16.7 10.9 18.9l14.9 4c8.2 2.2 16.7-2.7 18.9-10.9l19-70.8 62.8-36.2v77.5l-53.7 53.7c-6.3 6.2-6.3 16.4 0 22.6l11.3 11.3c6.2 6.2 16.4 6.2 22.6 0l19.7-19.7V496c0 8.8 7.2 16 16 16h32c8.8 0 16-7.2 16-16v-40.4l19.7 19.7c6.2 6.2 16.4 6.2 22.6 0l11.3-11.3c6.2-6.2 6.2-16.4 0-22.6L256 387.7v-77.5l62.8 36.2 19 70.8c2.2 8.2 10.7 13.1 18.9 10.9l14.9-4c8.2-2.2 13.1-10.7 10.9-18.9l-7-26 33.8 19.5c7.4 4.3 16.8 1.7 21.1-5.7l15.5-26.8c4.3-7.3 1.8-16.8-5.6-21z\"><\/path><\/svg>                                                <\/p>\n<h2>T\u00edtulo del reverso<\/h2>\n<p>This is back side content.<\/p>\n","protected":false},"excerpt":{"rendered":"<p>Con ElectroFac puedes automatizar los procesos de emitir una factura y mejorar la eficiencia de tu negocio. A\u00fan m\u00e1s eficiente Control de cat\u00e1logos, clientes, productos, facturaci\u00f3n, entre otros. A\u00fan m\u00e1s seguro Nuestro sistema cumple con alto estandares de seguridad para proteger su informaci\u00f3n confidencial. A\u00fan m\u00e1s f\u00e1cil de usar Todos los procesos para emitir un [&hellip;]<\/p>\n","protected":false},"author":1,"featured_media":0,"parent":529,"menu_order":0,"comment_status":"closed","ping_status":"closed","template":"page-templates\/page-full-width.php","meta":{"_eb_attr":"","_uag_custom_page_level_css":"","footnotes":""},"class_list":["post-564","page","type-page","status-publish","hentry"],"uagb_featured_image_src":{"full":false,"thumbnail":false,"medium":false,"medium_large":false,"large":false,"1536x1536":false,"2048x2048":false,"trp-custom-language-flag":false,"depicter-thumbnail":false},"uagb_author_info":{"display_name":"rodrigoa2197","author_link":"https:\/\/saksoftsv.com\/?author=1"},"uagb_comment_info":0,"uagb_excerpt":"Con ElectroFac puedes automatizar los procesos de emitir una factura y mejorar la eficiencia de tu negocio. A\u00fan m\u00e1s eficiente Control de cat\u00e1logos, clientes, productos, facturaci\u00f3n, entre otros. A\u00fan m\u00e1s seguro Nuestro sistema cumple con alto estandares de seguridad para proteger su informaci\u00f3n confidencial. A\u00fan m\u00e1s f\u00e1cil de usar Todos los procesos para emitir un&hellip;","_links":{"self":[{"href":"https:\/\/saksoftsv.com\/index.php?rest_route=\/wp\/v2\/pages\/564","targetHints":{"allow":["GET"]}}],"collection":[{"href":"https:\/\/saksoftsv.com\/index.php?rest_route=\/wp\/v2\/pages"}],"about":[{"href":"https:\/\/saksoftsv.com\/index.php?rest_route=\/wp\/v2\/types\/page"}],"author":[{"embeddable":true,"href":"https:\/\/saksoftsv.com\/index.php?rest_route=\/wp\/v2\/users\/1"}],"replies":[{"embeddable":true,"href":"https:\/\/saksoftsv.com\/index.php?rest_route=%2Fwp%2Fv2%2Fcomments&post=564"}],"version-history":[{"count":5,"href":"https:\/\/saksoftsv.com\/index.php?rest_route=\/wp\/v2\/pages\/564\/revisions"}],"predecessor-version":[{"id":1628,"href":"https:\/\/saksoftsv.com\/index.php?rest_route=\/wp\/v2\/pages\/564\/revisions\/1628"}],"up":[{"embeddable":true,"href":"https:\/\/saksoftsv.com\/index.php?rest_route=\/wp\/v2\/pages\/529"}],"wp:attachment":[{"href":"https:\/\/saksoftsv.com\/index.php?rest_route=%2Fwp%2Fv2%2Fmedia&parent=564"}],"curies":[{"name":"wp","href":"https:\/\/api.w.org\/{rel}","templated":true}]}}